{"id":10,"date":"2015-11-12T13:00:15","date_gmt":"2015-11-12T12:00:15","guid":{"rendered":"http:\/\/www.inclulympics.de\/?page_id=10"},"modified":"2015-12-08T13:44:11","modified_gmt":"2015-12-08T12:44:11","slug":"idee","status":"publish","type":"page","link":"https:\/\/www.inclulympics.de\/en\/idee\/","title":{"rendered":"Idea"},"content":{"rendered":"<p>In der zweiten Stufe des Jurierungsprozesses f\u00fcr Projekte, die im Rahmen einer &#8220;Kulturolympiade&#8221; gef\u00f6rdert werden, gab es einen sogenannten &#8220;Elevator-Pitch&#8221;. Jedes Projekt hatte genau 90 Sekunden Zeit, sich vorzustellen.<\/p>\n<p>Der folgende Text, der die Grundidee erl\u00e4utert, dauert ca. 96 Sekunden:<\/p>\n<p>Es gab eine Zeit, da war es eine Errungenschaft, dass \u201eDIE\u201c auch ihre Spiele bekommen. <strong>Die Behinderten<\/strong>. Para-, Special-, und Deaf-Lympics sind f\u00fcr mich ein Ausdruck dieser Zeit. Jetzt sind wir einen Schritt weiter, es ist eine neue Zeit, es heisst Inklusion und die UN hat eine Behindertenrechtskonvention erlassen. Menschen mit Behinderungen haben Rechte.<\/p>\n<p>Im Schulbereich f\u00fchrt das zu einer weitgehenden Aufl\u00f6sung von Sonderschulen. Im Sport aus meiner Sicht zu einer gro\u00dfen Olympiade. Das Bild, das sich dadurch ergibt ist eines der Vielfalt. Dort hat die leistungsorientierte, beinamputierte Schwimmerin genauso ihren Platz, wie Olympioniken, f\u00fcr die \u201edabei sein ist alles\u201c nicht nur ein Spruch ist. Trotzdem: Jede und Jeder muss sich in seiner Wettkampf-Klasse qualifizieren. Alle Wettbewerbe sollen nur jetzt im Rahmen <strong>einer<\/strong> Olympiade stattfinden. Wie zum Beispiel bei den Ruderern das Gewicht vorgibt, wer gegeneinander antritt, ist die Art der Beeintr\u00e4chtigung weiterhin Indiz f\u00fcr die Zuordnung zu den Wettkampfklassen.<\/p>\n<p>Damit das denkbar wird installiere ich das <strong>B\u00fcro f\u00fcr die Durchsetzung inklusiver Olympischer Spiele<\/strong>. Ich werde das Anliegen ernst nehmen und dokumentieren, worauf ich bei dem Versuch seiner Durchsetzung sto\u00dfe. Es geht nicht um Satire. Ich schreibe einen Blog, der nachvollziehen l\u00e4sst, was ich erlebe. Zentrale Kernaussagen und Erkenntnisse werden auf Postkarten umgesetzt, die in der Stadt verteilt werden.<\/p>\n<p>Etwas vielleicht f\u00fcr viele von Ihnen Undenkbares oder Unumsetzbares anzugehen &#8211; das ist die Kraft der Kunst.<\/p>\n","protected":false},"excerpt":{"rendered":"<p>In der zweiten Stufe des Jurierungsprozesses f\u00fcr Projekte, die im Rahmen einer &#8220;Kulturolympiade&#8221; gef\u00f6rdert werden, gab es einen sogenannten &#8220;Elevator-Pitch&#8221;. Jedes Projekt hatte genau 90 Sekunden Zeit, sich vorzustellen. Der folgende Text, der die Grundidee erl\u00e4utert, dauert ca. 96 Sekunden: Es gab eine Zeit, da war es eine Errungenschaft, dass \u201eDIE\u201c auch ihre Spiele bekommen. [&hellip;]<\/p>\n","protected":false},"author":1,"featured_media":0,"parent":0,"menu_order":0,"comment_status":"closed","ping_status":"closed","template":"","meta":{"footnotes":""},"class_list":["post-10","page","type-page","status-publish","hentry"],"_links":{"self":[{"href":"https:\/\/www.inclulympics.de\/en\/wp-json\/wp\/v2\/pages\/10","targetHints":{"allow":["GET"]}}],"collection":[{"href":"https:\/\/www.inclulympics.de\/en\/wp-json\/wp\/v2\/pages"}],"about":[{"href":"https:\/\/www.inclulympics.de\/en\/wp-json\/wp\/v2\/types\/page"}],"author":[{"embeddable":true,"href":"https:\/\/www.inclulympics.de\/en\/wp-json\/wp\/v2\/users\/1"}],"replies":[{"embeddable":true,"href":"https:\/\/www.inclulympics.de\/en\/wp-json\/wp\/v2\/comments?post=10"}],"version-history":[{"count":5,"href":"https:\/\/www.inclulympics.de\/en\/wp-json\/wp\/v2\/pages\/10\/revisions"}],"predecessor-version":[{"id":73,"href":"https:\/\/www.inclulympics.de\/en\/wp-json\/wp\/v2\/pages\/10\/revisions\/73"}],"wp:attachment":[{"href":"https:\/\/www.inclulympics.de\/en\/wp-json\/wp\/v2\/media?parent=10"}],"curies":[{"name":"wp","href":"https:\/\/api.w.org\/{rel}","templated":true}]}}