{"id":12,"date":"2015-11-12T13:00:29","date_gmt":"2015-11-12T12:00:29","guid":{"rendered":"http:\/\/www.inclulympics.de\/?page_id=12"},"modified":"2016-04-27T14:14:46","modified_gmt":"2016-04-27T12:14:46","slug":"hintergrund","status":"publish","type":"page","link":"https:\/\/www.inclulympics.de\/en\/hintergrund\/","title":{"rendered":"Background"},"content":{"rendered":"<p>Im Herbst 2015 schrieb die Kulturbeh\u00f6rde gemeinsam mit der &#8220;Feuer und Flamme GmbH&#8221; einen Wettbewerb aus &#8211; Kulturschaffende sollten sich f\u00fcr die Olympiabewerbung zum Thema \u00e4u\u00dfern. Eine Jury w\u00e4hlte aus 50 Ideen 15 aus, die sich auf einem &#8220;Fest der Ideen&#8221; pr\u00e4sentieren durften:<\/p>\n<p><a href=\"http:\/\/www.ndr.de\/kultur\/Kinderprojekt-Kolympia-gewinnt-Kulturolympiade,festderideen100.html\" target=\"_blank\">http:\/\/www.ndr.de\/kultur\/Kinderprojekt-Kolympia-gewinnt-Kulturolympiade,festderideen100.html<\/a><\/p>\n<p>6 Projekte wurden vom Publikum ausgew\u00e4hlt, darunter das:<\/p>\n<p><strong>B\u00fcro f\u00fcr die Durchsetzung inklusiver Olympischer Spiele<\/strong><\/p>\n<p>Ein Projekt von Chrisdian Wittenburg<\/p>\n<p>Analog zur Umsetzung der UN-Behindertenrechtskonvention (von der Bundesregierung 2009 ratifiziert) im schulischen Bereich (Aufl\u00f6sung von \u201eSonderschulen\u201c, gemeinsame Beschulung aller Kinder etc.) soll der olympische Bereich reformiert werden.<\/p>\n<p>Die Vision: Alle Wettk\u00e4mpfe finden innerhalb der Olympischen Spiele statt. Die \u201eParalympics\u201c, \u201eDeaflympics\u201c und auch die \u201eSpecial-Olympics\u201c werden abgeschafft. Anders als in der Schule, wo Lehrer jetzt die sehr unterschiedlichen Sch\u00fcler in einer Klasse unterrichten, werden die verschiedenen Wettkampfklassen nicht aufgel\u00f6st. Nur wird es jetzt eben so sein, dass nach\/neben dem 100 Meter H\u00fcrden Vorlauf der M\u00e4nner der Weitsprung der blinden Frauen und danach der 100 Meter Endlauf der amputierten M\u00e4nner stattfindet. Die Sportler durchmischen sich, ein inklusives Ideal, und die Zuschauer erleben eine inklusive olympische Kultur. Unterschiedliche Leistungen und Voraussetzungen erlebt der Zuschauer fortan als selbstverst\u00e4ndlich.<\/p>\n<p>Die Idee ist einfach: Mehrere Veranstaltungen werden zusammengelegt. Im wirtschaftlichen Bereich w\u00fcrde von zu erwartenden Synergieeffekten dieser Fusion gesprochen werden&#8230;<\/p>\n<p>Ende Oktober\/Anfang November wird es eine Gr\u00fcndungsveranstaltung des BfdDiOS geben. Diese kann im FRISE-K\u00fcnstlerhaus Hamburg stattfinden, aber auch ein exponierterer Ort ist denkbar. Das BfdDiOS wird durch dieses Projekt f\u00fcr ein halbes Jahr finanziert.<\/p>\n<p>Mit verschiedenen Akteuren der Hamburger Sportlandschaft soll an der Vision inklusiver Spiele gearbeitet werden. Angedacht sind: Frank Thaleiser (Organisator des \u201eZehntel\u201c f\u00fcr Kinder), der Bereich \u201eInklusion\u201c des Lehrerfortbildungsinstitutes, Organisatoren von \u201eHamburg-Marathon\u201c und \u201eCyclassics\u201c, Peter Richarz (Deutscher Rollstuhl Sportverband) und weitere. Aus den Arbeitstreffen werden verschiedene Medien f\u00fcr eine Information der \u00d6ffentlichkeit generiert: Ein Blog wird fortlaufend geschrieben, Postkarten mit grafisch aufbereiteten Kernbotschaften werden in der Stadt verteilt.<\/p>","protected":false},"excerpt":{"rendered":"<p>Im Herbst 2015 schrieb die Kulturbeh\u00f6rde gemeinsam mit der &#8220;Feuer und Flamme GmbH&#8221; einen Wettbewerb aus &#8211; Kulturschaffende sollten sich f\u00fcr die Olympiabewerbung zum Thema \u00e4u\u00dfern. Eine Jury w\u00e4hlte aus 50 Ideen 15 aus, die sich auf einem &#8220;Fest der Ideen&#8221; pr\u00e4sentieren durften: http:\/\/www.ndr.de\/kultur\/Kinderprojekt-Kolympia-gewinnt-Kulturolympiade,festderideen100.html 6 Projekte wurden vom Publikum ausgew\u00e4hlt, darunter das: B\u00fcro f\u00fcr die [&hellip;]<\/p>\n","protected":false},"author":1,"featured_media":0,"parent":0,"menu_order":0,"comment_status":"closed","ping_status":"closed","template":"","meta":{"footnotes":""},"class_list":["post-12","page","type-page","status-publish","hentry"],"_links":{"self":[{"href":"https:\/\/www.inclulympics.de\/en\/wp-json\/wp\/v2\/pages\/12","targetHints":{"allow":["GET"]}}],"collection":[{"href":"https:\/\/www.inclulympics.de\/en\/wp-json\/wp\/v2\/pages"}],"about":[{"href":"https:\/\/www.inclulympics.de\/en\/wp-json\/wp\/v2\/types\/page"}],"author":[{"embeddable":true,"href":"https:\/\/www.inclulympics.de\/en\/wp-json\/wp\/v2\/users\/1"}],"replies":[{"embeddable":true,"href":"https:\/\/www.inclulympics.de\/en\/wp-json\/wp\/v2\/comments?post=12"}],"version-history":[{"count":7,"href":"https:\/\/www.inclulympics.de\/en\/wp-json\/wp\/v2\/pages\/12\/revisions"}],"predecessor-version":[{"id":129,"href":"https:\/\/www.inclulympics.de\/en\/wp-json\/wp\/v2\/pages\/12\/revisions\/129"}],"wp:attachment":[{"href":"https:\/\/www.inclulympics.de\/en\/wp-json\/wp\/v2\/media?parent=12"}],"curies":[{"name":"wp","href":"https:\/\/api.w.org\/{rel}","templated":true}]}}