{"id":18,"date":"2015-11-12T13:01:08","date_gmt":"2015-11-12T12:01:08","guid":{"rendered":"http:\/\/www.inclulympics.de\/?page_id=18"},"modified":"2015-12-08T13:45:58","modified_gmt":"2015-12-08T12:45:58","slug":"impressum","status":"publish","type":"page","link":"https:\/\/www.inclulympics.de\/en\/impressum\/","title":{"rendered":"Imprint"},"content":{"rendered":"<p><strong>Verantwortlich f\u00fcr den Inhalt: <\/strong>Chrisdian Wittenburg im FRISE-K\u00fcnstlerhaus Hamburg, Arnoldstra\u00dfe 26-30, 22765 Hamburg, buero (\u00e4tt) inclulympics.de, 040-8900 3979<\/p>\n<p><strong>Externe Links:<\/strong><br \/>\nTrotz sogf\u00e4ltiger inhaltlicher Pr\u00fcfung zum Zeitpunkt der Link-Setzung \u00fcbernehmen wir keinerlei Haftung f\u00fcr die Inhalte der gelinkten Seiten. Diese Erkl\u00e4rung gilt f\u00fcr alle auf unserer Homepage ausgebrachten Links und f\u00fcr alle Inhalte der Seiten, zu denen die Banner und Links f\u00fchren.<\/p>\n<p><strong>Urherberrechte:<\/strong><br \/>\nAlle Texte, Bilder, Filme und sonstige Inhalte dieser Internetseite unterliegen dem Urheberrecht.<br \/>\nTexte, Bilder und sonstige Inhalte ohne Quellenangabe: \u00a92015 Chrisdian Wittenburg<br \/>\nKopie, Vervielf\u00e4ltigung, Ver\u00f6ffentlichung sowie s\u00e4mtliche Arten der elektronischen Weiterverarbeitung (auch auszugweise) bed\u00fcrfen einer Genehmigung von Chrisdian Wittenburg oder der unter Quellenangabe genannten Eigent\u00fcmer.<\/p>\n","protected":false},"excerpt":{"rendered":"<p>Verantwortlich f\u00fcr den Inhalt: Chrisdian Wittenburg im FRISE-K\u00fcnstlerhaus Hamburg, Arnoldstra\u00dfe 26-30, 22765 Hamburg, buero (\u00e4tt) inclulympics.de, 040-8900 3979 Externe Links: Trotz sogf\u00e4ltiger inhaltlicher Pr\u00fcfung zum Zeitpunkt der Link-Setzung \u00fcbernehmen wir keinerlei Haftung f\u00fcr die Inhalte der gelinkten Seiten. Diese Erkl\u00e4rung gilt f\u00fcr alle auf unserer Homepage ausgebrachten Links und f\u00fcr alle Inhalte der Seiten, zu [&hellip;]<\/p>\n","protected":false},"author":1,"featured_media":0,"parent":0,"menu_order":0,"comment_status":"closed","ping_status":"closed","template":"","meta":{"footnotes":""},"class_list":["post-18","page","type-page","status-publish","hentry"],"_links":{"self":[{"href":"https:\/\/www.inclulympics.de\/en\/wp-json\/wp\/v2\/pages\/18","targetHints":{"allow":["GET"]}}],"collection":[{"href":"https:\/\/www.inclulympics.de\/en\/wp-json\/wp\/v2\/pages"}],"about":[{"href":"https:\/\/www.inclulympics.de\/en\/wp-json\/wp\/v2\/types\/page"}],"author":[{"embeddable":true,"href":"https:\/\/www.inclulympics.de\/en\/wp-json\/wp\/v2\/users\/1"}],"replies":[{"embeddable":true,"href":"https:\/\/www.inclulympics.de\/en\/wp-json\/wp\/v2\/comments?post=18"}],"version-history":[{"count":6,"href":"https:\/\/www.inclulympics.de\/en\/wp-json\/wp\/v2\/pages\/18\/revisions"}],"predecessor-version":[{"id":76,"href":"https:\/\/www.inclulympics.de\/en\/wp-json\/wp\/v2\/pages\/18\/revisions\/76"}],"wp:attachment":[{"href":"https:\/\/www.inclulympics.de\/en\/wp-json\/wp\/v2\/media?parent=18"}],"curies":[{"name":"wp","href":"https:\/\/api.w.org\/{rel}","templated":true}]}}